{"id":220,"date":"2014-03-22T19:30:00","date_gmt":"2014-03-22T18:30:00","guid":{"rendered":"http:\/\/wadoka.de\/?page_id=220"},"modified":"2015-02-09T18:52:18","modified_gmt":"2015-02-09T17:52:18","slug":"ueber-uns","status":"publish","type":"page","link":"https:\/\/wadoka.de\/?page_id=220","title":{"rendered":"\u00dcber uns"},"content":{"rendered":"<p style=\"text-align: justify;\"><a href=\"http:\/\/wadoka.de\/wp-content\/uploads\/2015\/02\/altAjfzPJCGvGAJv3PJxen6HlEYaZWBYkCtGegWy_WrgPNX.jpg\"><img loading=\"lazy\" decoding=\"async\" class=\"wp-image-496 alignleft\" alt=\"altAjfzPJCGvGAJv3PJxen6HlEYaZWBYkCtGegWy_WrgPNX\" src=\"http:\/\/wadoka.de\/wp-content\/uploads\/2015\/02\/altAjfzPJCGvGAJv3PJxen6HlEYaZWBYkCtGegWy_WrgPNX-197x300.jpg\" width=\"142\" height=\"216\" srcset=\"https:\/\/wadoka.de\/wp-content\/uploads\/2015\/02\/altAjfzPJCGvGAJv3PJxen6HlEYaZWBYkCtGegWy_WrgPNX-197x300.jpg 197w, https:\/\/wadoka.de\/wp-content\/uploads\/2015\/02\/altAjfzPJCGvGAJv3PJxen6HlEYaZWBYkCtGegWy_WrgPNX-675x1024.jpg 675w, https:\/\/wadoka.de\/wp-content\/uploads\/2015\/02\/altAjfzPJCGvGAJv3PJxen6HlEYaZWBYkCtGegWy_WrgPNX.jpg 720w\" sizes=\"(max-width: 142px) 100vw, 142px\" \/><\/a>Im Jahr\u00a02008 gr\u00fcndete Ines Wehsener eine Karate-Au\u00dfenstelle des Vereins SEIWAKAI mit Sitz in Mei\u00dfen hier in unserem sch\u00f6nen Saalekreis im Ort Pei\u00dfen.<\/p>\n<p style=\"text-align: justify;\">Der Gedanke war, allen sportlichen <a href=\"http:\/\/wadoka.de\/wp-content\/uploads\/2014\/05\/WP_000535.jpg\"><img loading=\"lazy\" decoding=\"async\" class=\"wp-image-320 alignright\" alt=\"WP_000535\" src=\"http:\/\/wadoka.de\/wp-content\/uploads\/2014\/05\/WP_000535-191x300.jpg\" width=\"138\" height=\"216\" srcset=\"https:\/\/wadoka.de\/wp-content\/uploads\/2014\/05\/WP_000535-191x300.jpg 191w, https:\/\/wadoka.de\/wp-content\/uploads\/2014\/05\/WP_000535-654x1024.jpg 654w, https:\/\/wadoka.de\/wp-content\/uploads\/2014\/05\/WP_000535.jpg 1311w\" sizes=\"(max-width: 138px) 100vw, 138px\" \/><\/a>Interessierten egal welchen Alter`s eine\u00a0Heimat zu sein. Ziel war und ist es noch immer den sportlichen Weg vom allerj\u00fcngsten bis hin zum fortgeschrittenen Alter zu belgleiten. Dieser Gedanke hat sich durch unerm\u00fcdliche Arbeit w\u00e4hrend der letzten Jahre sehr gut umgesetzt. Unsere Mitglieder sind nun zwischen 2,5 und 55 Jahre alt. Von der Krabbelgruppe \u00fcber die Karategruppen f\u00fcr Kinder, Jugendliche und Erwachsene ist alles dabei. Sogar eine Fitnessgruppe hat sich gebildet.<\/p>\n<p style=\"text-align: justify;\">\n<p style=\"text-align: justify;\"><a href=\"http:\/\/wadoka.de\/wp-content\/uploads\/2014\/03\/altAjtcMNLGwhTUFCr05eKPpMXjvf4C3BPHYYkmEY-yLQSJ.jpg\"><img loading=\"lazy\" decoding=\"async\" class=\"alignnone  wp-image-504\" alt=\"altAjtcMNLGwhTUFCr05eKPpMXjvf4C3BPHYYkmEY-yLQSJ\" src=\"http:\/\/wadoka.de\/wp-content\/uploads\/2014\/03\/altAjtcMNLGwhTUFCr05eKPpMXjvf4C3BPHYYkmEY-yLQSJ-168x300.jpg\" width=\"134\" height=\"240\" \/><\/a> <a href=\"http:\/\/wadoka.de\/wp-content\/uploads\/2014\/03\/altAlnUO-C1ZbnAsx5y8YIQt8IYigEsBgk4VKuDP1GNlimD.jpg\"><img loading=\"lazy\" decoding=\"async\" class=\"alignnone  wp-image-505\" alt=\"altAlnUO-C1ZbnAsx5y8YIQt8IYigEsBgk4VKuDP1GNlimD\" src=\"http:\/\/wadoka.de\/wp-content\/uploads\/2014\/03\/altAlnUO-C1ZbnAsx5y8YIQt8IYigEsBgk4VKuDP1GNlimD-168x300.jpg\" width=\"134\" height=\"240\" \/><\/a> <a href=\"http:\/\/wadoka.de\/wp-content\/uploads\/2014\/03\/WP_002385.jpg\"><img loading=\"lazy\" decoding=\"async\" class=\"alignnone  wp-image-506\" alt=\"WP_002385\" src=\"http:\/\/wadoka.de\/wp-content\/uploads\/2014\/03\/WP_002385-225x300.jpg\" width=\"180\" height=\"240\" srcset=\"https:\/\/wadoka.de\/wp-content\/uploads\/2014\/03\/WP_002385-225x300.jpg 225w, https:\/\/wadoka.de\/wp-content\/uploads\/2014\/03\/WP_002385-768x1024.jpg 768w\" sizes=\"(max-width: 180px) 100vw, 180px\" \/><\/a> <a href=\"http:\/\/wadoka.de\/wp-content\/uploads\/2014\/03\/WP_003032.jpg\"><img loading=\"lazy\" decoding=\"async\" class=\"alignnone  wp-image-507\" alt=\"WP_003032\" src=\"http:\/\/wadoka.de\/wp-content\/uploads\/2014\/03\/WP_003032-225x300.jpg\" width=\"180\" height=\"240\" srcset=\"https:\/\/wadoka.de\/wp-content\/uploads\/2014\/03\/WP_003032-225x300.jpg 225w, https:\/\/wadoka.de\/wp-content\/uploads\/2014\/03\/WP_003032-768x1024.jpg 768w\" sizes=\"(max-width: 180px) 100vw, 180px\" \/><\/a><\/p>\n<p style=\"text-align: justify;\">\n<p>\u00a0\u00a0<a href=\"http:\/\/wadoka.de\/wp-content\/uploads\/2014\/03\/WP_000170.jpg\"><img loading=\"lazy\" decoding=\"async\" class=\"alignnone  wp-image-226\" style=\"width: 302px; height: 223px;\" alt=\"WP_000170\" src=\"http:\/\/wadoka.de\/wp-content\/uploads\/2014\/03\/WP_000170-300x246.jpg\" width=\"300\" height=\"183\" \/><\/a><a href=\"http:\/\/wadoka.de\/wp-content\/uploads\/2014\/03\/2012-07-10-18.55.22.jpg\"><img loading=\"lazy\" decoding=\"async\" class=\"alignnone size-medium wp-image-224\" alt=\"2012-07-10 18.55.22\" src=\"http:\/\/wadoka.de\/wp-content\/uploads\/2014\/03\/2012-07-10-18.55.22-300x225.jpg\" width=\"300\" height=\"225\" srcset=\"https:\/\/wadoka.de\/wp-content\/uploads\/2014\/03\/2012-07-10-18.55.22-300x225.jpg 300w, https:\/\/wadoka.de\/wp-content\/uploads\/2014\/03\/2012-07-10-18.55.22-1024x768.jpg 1024w\" sizes=\"(max-width: 300px) 100vw, 300px\" \/><\/a><\/p>\n<p style=\"text-align: justify;\">Alles begann in der Turnhalle in Pei\u00dfen. Die allerersten kleinen Karatekas waren damals nicht \u00e4lter als 4 -5 Jahre. Und es kamen immer mehr. Die Mitgliederzahl wuchs best\u00e4ndig und der Trainingsbedarf stieg stetig an, so dass Gruppen Alters- und Leistungsgerecht neu aufgestellt wurden. Es\u00a0 entstanden weitere Trainingsorte wie Landsberg und Hohenthurm, wo nun auch in der Grundschule die Sport-AG Karate angeboten wird. Ebenfalls hat sich in Brachstedt eine \u00a0\u201eFrauen &#8211; Fitness \u2013 Gruppe etabliert. Trainiert werden unsere flei\u00dfigen Karatekas heute von 4 erfahrenen lizenzierten Trainern.<\/p>\n<p style=\"text-align: justify;\"><a href=\"http:\/\/wadoka.de\/wp-content\/uploads\/2014\/03\/2013-02-26-17.37.59.jpg\"><img loading=\"lazy\" decoding=\"async\" class=\"alignnone size-medium wp-image-249\" alt=\"2013-02-26 17.37.59\" src=\"http:\/\/wadoka.de\/wp-content\/uploads\/2014\/03\/2013-02-26-17.37.59-300x225.jpg\" width=\"300\" height=\"225\" srcset=\"https:\/\/wadoka.de\/wp-content\/uploads\/2014\/03\/2013-02-26-17.37.59-300x225.jpg 300w, https:\/\/wadoka.de\/wp-content\/uploads\/2014\/03\/2013-02-26-17.37.59-1024x768.jpg 1024w, https:\/\/wadoka.de\/wp-content\/uploads\/2014\/03\/2013-02-26-17.37.59.jpg 2048w\" sizes=\"(max-width: 300px) 100vw, 300px\" \/><\/a>\u00a0<a href=\"http:\/\/wadoka.de\/wp-content\/uploads\/2014\/03\/peien1.jpg\"><img loading=\"lazy\" decoding=\"async\" class=\"alignnone  wp-image-255\" style=\"width: 325px; height: 225px;\" alt=\"peien1\" src=\"http:\/\/wadoka.de\/wp-content\/uploads\/2014\/03\/peien1-300x200.jpg\" width=\"300\" height=\"236\" \/><\/a><\/p>\n<p style=\"text-align: justify;\"><a href=\"http:\/\/wadoka.de\/wp-content\/uploads\/2014\/03\/WP_000289.jpg\"><img loading=\"lazy\" decoding=\"async\" class=\"alignnone size-medium wp-image-252\" alt=\"WP_000289\" src=\"http:\/\/wadoka.de\/wp-content\/uploads\/2014\/03\/WP_000289-300x225.jpg\" width=\"300\" height=\"225\" srcset=\"https:\/\/wadoka.de\/wp-content\/uploads\/2014\/03\/WP_000289-300x225.jpg 300w, https:\/\/wadoka.de\/wp-content\/uploads\/2014\/03\/WP_000289-1024x768.jpg 1024w\" sizes=\"(max-width: 300px) 100vw, 300px\" \/><\/a>\u00a0 <a href=\"http:\/\/wadoka.de\/wp-content\/uploads\/2014\/03\/2012-07-10-18.28.41.jpg\"><img loading=\"lazy\" decoding=\"async\" class=\"alignnone  wp-image-254\" style=\"width: 314px;\" alt=\"2012-07-10 18.28.41\" src=\"http:\/\/wadoka.de\/wp-content\/uploads\/2014\/03\/2012-07-10-18.28.41-300x225.jpg\" width=\"300\" height=\"225\" srcset=\"https:\/\/wadoka.de\/wp-content\/uploads\/2014\/03\/2012-07-10-18.28.41-300x225.jpg 300w, https:\/\/wadoka.de\/wp-content\/uploads\/2014\/03\/2012-07-10-18.28.41-1024x768.jpg 1024w\" sizes=\"(max-width: 300px) 100vw, 300px\" \/><\/a><\/p>\n<p style=\"text-align: justify;\">Unsere kleinen Karatekas wuchsen heran und begannen sich auf den ersten Nachwuchswettk\u00e4mpfen mit anderen zumessen. Heute trainieren sie in speziellen Kadergruppen intensiv das Wettkampfgeschehen um zu den Wettk\u00e4mpfen\u00a0optimal vorbereitet zu sein. Einige bestreiten sogar schon gr\u00f6\u00dfere Wettk\u00e4mpfe und k\u00f6nnen auch mit Stolz den Titel des Landesmeisters tragen.<\/p>\n<p>\u00a0<a href=\"http:\/\/wadoka.de\/wp-content\/uploads\/2014\/03\/10004048_1432457880328080_1225508991_n.jpg\"><img loading=\"lazy\" decoding=\"async\" class=\"alignnone  wp-image-246\" style=\"width: 267px; height: 218px;\" alt=\"10004048_1432457880328080_1225508991_n\" src=\"http:\/\/wadoka.de\/wp-content\/uploads\/2014\/03\/10004048_1432457880328080_1225508991_n-300x290.jpg\" width=\"300\" height=\"110\" \/><\/a> <a href=\"http:\/\/wadoka.de\/wp-content\/uploads\/2014\/03\/DSC01297.jpg\"><img loading=\"lazy\" decoding=\"async\" class=\"alignnone  wp-image-244\" style=\"width: 320px; height: 220px;\" alt=\"????????\" src=\"http:\/\/wadoka.de\/wp-content\/uploads\/2014\/03\/DSC01297-300x200.jpg\" width=\"300\" height=\"246\" \/><\/a><\/p>\n<p style=\"text-align: justify;\">Au\u00dferdem sind wir stolz darauf, dass es auch ein paar unserer Kinder geschafft haben und neben den normalen Trainingseinheiten\u00a0auch noch zus\u00e4tzlich in der Talentauswahl des Karateverbandes Sachsen-Anhalt\u00a0trainieren. Ziel ist es eine feste Gr\u00f6\u00dfe f\u00fcr den Landeskader zu werden und den Sprung in den Bundeskader zu schaffen. Damit winken dann auch die ganz gro\u00dfen internationalen Wettk\u00e4mpfe.<\/p>\n<p style=\"text-align: justify;\">\u00a0\u00a0 <a href=\"http:\/\/wadoka.de\/wp-content\/uploads\/2014\/03\/560216_450426811695574_1657796823_n.jpg\"><img loading=\"lazy\" decoding=\"async\" class=\"alignnone size-medium wp-image-235\" alt=\"560216_450426811695574_1657796823_n\" src=\"http:\/\/wadoka.de\/wp-content\/uploads\/2014\/03\/560216_450426811695574_1657796823_n-300x200.jpg\" width=\"300\" height=\"200\" srcset=\"https:\/\/wadoka.de\/wp-content\/uploads\/2014\/03\/560216_450426811695574_1657796823_n-300x200.jpg 300w, https:\/\/wadoka.de\/wp-content\/uploads\/2014\/03\/560216_450426811695574_1657796823_n.jpg 960w\" sizes=\"(max-width: 300px) 100vw, 300px\" \/><\/a> <a href=\"http:\/\/wadoka.de\/wp-content\/uploads\/2014\/03\/557890_450411465030442_741663114_n.jpg\"><img loading=\"lazy\" decoding=\"async\" class=\"alignnone  wp-image-234\" style=\"width: 282px; height: 197px;\" alt=\"557890_450411465030442_741663114_n\" src=\"http:\/\/wadoka.de\/wp-content\/uploads\/2014\/03\/557890_450411465030442_741663114_n-300x200.jpg\" width=\"300\" height=\"176\" \/><\/a><\/p>\n<p style=\"text-align: justify; padding-left: 120px;\"><a href=\"http:\/\/wadoka.de\/wp-content\/uploads\/2014\/03\/600324_471916719546583_1689506912_n.jpg\"><img loading=\"lazy\" decoding=\"async\" class=\"alignnone size-medium wp-image-240\" alt=\"600324_471916719546583_1689506912_n\" src=\"http:\/\/wadoka.de\/wp-content\/uploads\/2014\/03\/600324_471916719546583_1689506912_n-200x300.jpg\" width=\"200\" height=\"300\" srcset=\"https:\/\/wadoka.de\/wp-content\/uploads\/2014\/03\/600324_471916719546583_1689506912_n-200x300.jpg 200w, https:\/\/wadoka.de\/wp-content\/uploads\/2014\/03\/600324_471916719546583_1689506912_n.jpg 640w\" sizes=\"(max-width: 200px) 100vw, 200px\" \/><\/a>\u00a0<a href=\"http:\/\/wadoka.de\/wp-content\/uploads\/2014\/03\/1451489_574569682614619_1931364216_n.jpg\"><img loading=\"lazy\" decoding=\"async\" class=\"alignnone size-medium wp-image-237\" alt=\"1451489_574569682614619_1931364216_n\" src=\"http:\/\/wadoka.de\/wp-content\/uploads\/2014\/03\/1451489_574569682614619_1931364216_n-200x300.jpg\" width=\"200\" height=\"300\" srcset=\"https:\/\/wadoka.de\/wp-content\/uploads\/2014\/03\/1451489_574569682614619_1931364216_n-200x300.jpg 200w, https:\/\/wadoka.de\/wp-content\/uploads\/2014\/03\/1451489_574569682614619_1931364216_n.jpg 640w\" sizes=\"(max-width: 200px) 100vw, 200px\" \/><\/a><\/p>\n<p style=\"padding-left: 30px;\">\u00a0<a href=\"http:\/\/wadoka.de\/wp-content\/uploads\/2014\/03\/altAkGjVJmFuGfWrhVZXheycYEhqhHg_p2r7xOEFBr6c-.jpg\"><img loading=\"lazy\" decoding=\"async\" class=\"size-medium wp-image-211 aligncenter\" alt=\"altAkGjVJmFuGfWrhVZXheycYEhqhHg_p2r7xOEFBr6c---\" src=\"http:\/\/wadoka.de\/wp-content\/uploads\/2014\/03\/altAkGjVJmFuGfWrhVZXheycYEhqhHg_p2r7xOEFBr6c--300x168.jpg\" width=\"300\" height=\"168\" srcset=\"https:\/\/wadoka.de\/wp-content\/uploads\/2014\/03\/altAkGjVJmFuGfWrhVZXheycYEhqhHg_p2r7xOEFBr6c--300x168.jpg 300w, https:\/\/wadoka.de\/wp-content\/uploads\/2014\/03\/altAkGjVJmFuGfWrhVZXheycYEhqhHg_p2r7xOEFBr6c-.jpg 800w\" sizes=\"(max-width: 300px) 100vw, 300px\" \/><\/a><\/p>\n<p style=\"text-align: justify;\">Um noch flexibler f\u00fcr unsere Kinder und Mitglieder agieren zu k\u00f6nnen, haben wir 2013 die Entscheidung getroffen \u00a0im Verein \u00a0umzustrukturieren. Wir wollten hier vor Ort einen eigenen Verein gr\u00fcnden. Ein neuer Name, ein neues Logo, eine neue Internetseite und vieles mehr.<\/p>\n<p style=\"text-align: justify;\">Nach \u00a0vielen Stunden mit t\u00fcftelnden K\u00f6pfen voller Kreativit\u00e4t\u00a0 und Engagement,\u00a0\u00a0\u00a0 sowie den amtlichen Meldeformalit\u00e4ten wurde am 1. April 2014 aus Seiwakai Pei\u00dfen das<\/p>\n<p style=\"text-align: center;\">\u00a0\u00a0\u00a0\u00a0\u00a0\u00a0\u00a0\u00a0\u00a0\u00a0\u00a0\u00a0\u00a0\u00a0\u00a0\u00a0\u00a0\u00a0\u00a0\u00a0\u00a0\u00a0\u00a0\u00a0\u00a0\u00a0 \u00a0<a href=\"https:\/\/3c.web.de\/mail\/client\/dereferrer?redirectUrl=http%3A%2F%2Fwadoka.de%2F\"><b>Wado Karate Team Sachsen-Anhalt e.V<span style=\"text-decoration: underline;\">.<\/span><\/b><\/a><\/p>\n<p style=\"padding-left: 120px;\"><a href=\"http:\/\/wadoka.de\/wp-content\/uploads\/2013\/10\/cropped-Wadoka12.gif\"><img loading=\"lazy\" decoding=\"async\" class=\"size-medium wp-image-16 aligncenter\" alt=\"cropped-Wadoka12.gif\" src=\"http:\/\/wadoka.de\/wp-content\/uploads\/2013\/10\/cropped-Wadoka12-300x74.gif\" width=\"300\" height=\"74\" \/><\/a><\/p>\n<p style=\"padding-left: 180px;\"><a href=\"http:\/\/wadoka.de\/wp-content\/uploads\/2014\/03\/Schildkr\u00f6te-Wadoka.gif\"><img loading=\"lazy\" decoding=\"async\" class=\"wp-image-260 aligncenter\" style=\"width: 181px;\" alt=\"Schildkr\u00f6te Wadoka\" src=\"http:\/\/wadoka.de\/wp-content\/uploads\/2014\/03\/Schildkr\u00f6te-Wadoka-300x275.gif\" width=\"300\" height=\"190\" \/><\/a><\/p>\n<p style=\"text-align: justify;\">F\u00fcr unsere Mitglieder \u00e4nderte sich nur die \u00e4u\u00dfere H\u00fclle. Alle Trainingszeiten, Trainingsorte und Trainer blieben unver\u00e4ndert.<\/p>\n<p style=\"text-align: justify;\">Mit Stolz blicken wir auf wundersch\u00f6ne Jahre zur\u00fcck, Mitglieder der ersten Stunde sind noch immer fester Bestandteil und wir freuen uns auf weitere hoffentlich noch ganz viele spannende und aufregende Jahre.<\/p>\n<p style=\"text-align: justify;\">Habt ihr Lust bekommen und wollt Teil dieses Vereins sein, dann kommt einfach zu einer Trainingsstunde vorbei oder meldet euch an unter <a href=\"mailto:info@wadoka.de\">info@wadoka.de<\/a> oder 0162 \/ 7983295. Bei uns ist jeder herzlich Willkommen egal ob jung oder alt, gro\u00df oder klein, dick oder d\u00fcnn.<\/p>\n<p>\u00a0<a href=\"http:\/\/wadoka.de\/wp-content\/uploads\/2014\/03\/WP_001421.jpg\"><img loading=\"lazy\" decoding=\"async\" class=\"alignnone  wp-image-270\" style=\"width: 281px; height: 276px;\" alt=\"WP_001421\" src=\"http:\/\/wadoka.de\/wp-content\/uploads\/2014\/03\/WP_001421-294x300.jpg\" width=\"294\" height=\"250\" \/><\/a> <a href=\"http:\/\/wadoka.de\/wp-content\/uploads\/2014\/03\/WP_001560.jpg\"><img loading=\"lazy\" decoding=\"async\" class=\"alignnone  wp-image-266\" style=\"width: 322px;\" alt=\"WP_001560\" src=\"http:\/\/wadoka.de\/wp-content\/uploads\/2014\/03\/WP_001560-300x225.jpg\" width=\"300\" height=\"277\" \/><\/a> <a href=\"http:\/\/wadoka.de\/wp-content\/uploads\/2014\/03\/WP_001785.jpg\"><img loading=\"lazy\" decoding=\"async\" class=\"size-medium wp-image-267 aligncenter\" alt=\"WP_001785\" src=\"http:\/\/wadoka.de\/wp-content\/uploads\/2014\/03\/WP_001785-300x225.jpg\" width=\"300\" height=\"225\" srcset=\"https:\/\/wadoka.de\/wp-content\/uploads\/2014\/03\/WP_001785-300x225.jpg 300w, https:\/\/wadoka.de\/wp-content\/uploads\/2014\/03\/WP_001785-1024x768.jpg 1024w\" sizes=\"(max-width: 300px) 100vw, 300px\" \/><\/a><\/p>\n","protected":false},"excerpt":{"rendered":"<p>Im Jahr\u00a02008 gr\u00fcndete Ines Wehsener eine Karate-Au\u00dfenstelle des Vereins SEIWAKAI mit Sitz in Mei\u00dfen hier in unserem sch\u00f6nen Saalekreis im Ort Pei\u00dfen. Der Gedanke war, allen sportlichen Interessierten egal welchen Alter`s eine\u00a0Heimat zu sein. Ziel war und ist es noch &hellip; <a href=\"https:\/\/wadoka.de\/?page_id=220\">Weiterlesen <span class=\"meta-nav\">&rarr;<\/span><\/a><\/p>\n","protected":false},"author":2,"featured_media":0,"parent":0,"menu_order":0,"comment_status":"closed","ping_status":"closed","template":"","meta":{"footnotes":""},"_links":{"self":[{"href":"https:\/\/wadoka.de\/index.php?rest_route=\/wp\/v2\/pages\/220"}],"collection":[{"href":"https:\/\/wadoka.de\/index.php?rest_route=\/wp\/v2\/pages"}],"about":[{"href":"https:\/\/wadoka.de\/index.php?rest_route=\/wp\/v2\/types\/page"}],"author":[{"embeddable":true,"href":"https:\/\/wadoka.de\/index.php?rest_route=\/wp\/v2\/users\/2"}],"replies":[{"embeddable":true,"href":"https:\/\/wadoka.de\/index.php?rest_route=%2Fwp%2Fv2%2Fcomments&post=220"}],"version-history":[{"count":38,"href":"https:\/\/wadoka.de\/index.php?rest_route=\/wp\/v2\/pages\/220\/revisions"}],"predecessor-version":[{"id":508,"href":"https:\/\/wadoka.de\/index.php?rest_route=\/wp\/v2\/pages\/220\/revisions\/508"}],"wp:attachment":[{"href":"https:\/\/wadoka.de\/index.php?rest_route=%2Fwp%2Fv2%2Fmedia&parent=220"}],"curies":[{"name":"wp","href":"https:\/\/api.w.org\/{rel}","templated":true}]}}